{"id":615,"date":"2015-03-02T10:34:46","date_gmt":"2015-03-02T09:34:46","guid":{"rendered":"http:\/\/pro2.unibz.it\/projects\/blogs\/pedagogiaearchitettura\/?page_id=615"},"modified":"2015-06-10T01:14:31","modified_gmt":"2015-06-09T23:14:31","slug":"615-2","status":"publish","type":"page","link":"https:\/\/pedarch.unibz.it\/?page_id=615","title":{"rendered":"about"},"content":{"rendered":"<div class=\"lab-row-container vc_row wpb_row vc_row-fluid\" ><div class=\"container lab-vc-container\"><div ><div class=\"wpb_column vc_column_container vc_col-sm-6\"><div class=\"wpb_wrapper\">\n\t<div class=\"wpb_text_column wpb_content_element \">\n\t\t<div class=\"wpb_wrapper\">\n\t\t\t<p><strong><span style=\"color: #000;\">Beate Weyland<br \/>\n<\/span><\/strong><span class=\"Apple-style-span\" style=\"color: #777777;\">Laureata in Pedagogia nel 1997, collabora alla cattedra di Cesare Scurati tra l\u2019ateneo dell\u2019Universit\u00e0 Cattolica di Milano e la Libera Universit\u00e0 di Bolzano fino al 2005, quando diventa professore aggregato di didattica presso la Facolt\u00e0 di Scienze della Formazione dell\u2019ateneo bolzanino. Si \u00e8 occupata dei temi della Leadership educativa e dell\u2019educazione ai media nei contesti di lingua italiana e tedesca. Dal 2010 le sue ricerche si incentrano sul rapporto tra pedagogia e architettura e sull\u2019innovazione della didattica in ambito scolastico. \u00c8 membro e promotore della rete interistituzionale altoatesina \u201cSpazio e apprendimento\u201d fondata con un convegno da lei curato nel Novembre 2012 e della rete internazionale PULS, che promuove processi di sviluppo della scuola tra pedagogia e architettura. \u00c8 consulente presso alcune scuole per la definizione del concetto pedagogico\/didattico in vista di una possibile ristruttrazione o neoedificazione. Tra pubblicazioni inerenti il tema compaiono: Weyland, Media e spazi della scuola &#8211;\u00a0 La Scuola, Brescia 2013; Weyland, Attia, Costruire pedagogie, numero monografico sulle scuole dell&#8217;infanzia e primarie &#8211; Turris Babel nr. 93, Bolzano, Settembre 2013; Weyland, Fare Scuola &#8211;\u00a0 Guerini, Milano 2014; Weyland, Attia, Pedagogie da costruire, numero sulle scuole secondarie, Turris babel nr.97, Aprile 2015; Weyland-Attia, Progettare scuole tra pedagogia e architettura &#8211; Guerini, Milano 2015.<\/span><\/p>\n\n\t\t<\/div>\n\t<\/div>\n<\/div><\/div><div class=\"wpb_column vc_column_container vc_col-sm-6\"><div class=\"wpb_wrapper\">\n\t<div class=\"wpb_single_image wpb_content_element vc_align_left\">\n\t\t<div class=\"wpb_wrapper\">\n\t\t\t\n\t\t\t<div class=\"vc_single_image-wrapper   vc_box_border_grey\"><img loading=\"lazy\" decoding=\"async\" width=\"300\" height=\"396\" src=\"https:\/\/pedarch.unibz.it\/wp-content\/uploads\/2011\/09\/IMG_0162-300x396.jpg\" class=\"vc_single_image-img attachment-thumbnail\" alt=\"\" srcset=\"https:\/\/pedarch.unibz.it\/wp-content\/uploads\/2011\/09\/IMG_0162-300x396.jpg 300w, https:\/\/pedarch.unibz.it\/wp-content\/uploads\/2011\/09\/IMG_0162.jpg 379w\" sizes=\"auto, (max-width: 300px) 100vw, 300px\" \/><\/div>\n\t\t<\/div>\n\t<\/div>\n<\/div><\/div><\/div><\/div><\/div><div class=\"lab-row-container vc_row wpb_row vc_row-fluid\" ><div class=\"container lab-vc-container\"><div ><div class=\"wpb_column vc_column_container vc_col-sm-12\"><div class=\"wpb_wrapper\">\n\t<div class=\"wpb_text_column wpb_content_element \">\n\t\t<div class=\"wpb_wrapper\">\n\t\t\t<p>Collaborazioni<\/p>\n<p><strong><a class=\"row-title\" title=\"Edit \u201cLibera Universit\u00e0 di Bolzano\u201d\" href=\"https:\/\/pro2.unibz.it\/projects\/blogs\/pedagogiaearchitettura\/wp-admin\/link.php?action=edit&amp;link_id=11\">Libera Universit\u00e0 di Bolzano<br \/>\n<\/a><\/strong><a href=\"http:\/\/eddes.unibz.it\/\"><strong>EDDES<\/strong><\/a><br \/>\n<strong><a class=\"row-title\" title=\"Edit \u201cMoDus Architetti\u201d\" href=\"https:\/\/pro2.unibz.it\/projects\/blogs\/pedagogiaearchitettura\/wp-admin\/link.php?action=edit&amp;link_id=8\">MoDus Architetti<\/a><\/strong><\/p>\n\n\t\t<\/div>\n\t<\/div>\n<\/div><\/div><\/div><\/div><\/div>\n","protected":false},"excerpt":{"rendered":"Beate Weyland Laureata in Pedagogia nel 1997, collabora alla cattedra di Cesare Scurati tra l\u2019ateneo dell\u2019Universit\u00e0 Cattolica di Milano e la Libera Universit\u00e0 di Bolzano fino al 2005, quando diventa professore aggregato di didattica presso la Facolt\u00e0 di Scienze della Formazione dell\u2019ateneo bolzanino. Si \u00e8 occupata dei temi della Leadership educativa e dell\u2019educazione ai media&hellip;","protected":false},"author":4,"featured_media":0,"parent":0,"menu_order":0,"comment_status":"closed","ping_status":"closed","template":"","meta":{"_acf_changed":false,"footnotes":""},"class_list":["post-615","page","type-page","status-publish","hentry"],"acf":[],"_links":{"self":[{"href":"https:\/\/pedarch.unibz.it\/index.php?rest_route=\/wp\/v2\/pages\/615","targetHints":{"allow":["GET"]}}],"collection":[{"href":"https:\/\/pedarch.unibz.it\/index.php?rest_route=\/wp\/v2\/pages"}],"about":[{"href":"https:\/\/pedarch.unibz.it\/index.php?rest_route=\/wp\/v2\/types\/page"}],"author":[{"embeddable":true,"href":"https:\/\/pedarch.unibz.it\/index.php?rest_route=\/wp\/v2\/users\/4"}],"replies":[{"embeddable":true,"href":"https:\/\/pedarch.unibz.it\/index.php?rest_route=%2Fwp%2Fv2%2Fcomments&post=615"}],"version-history":[{"count":18,"href":"https:\/\/pedarch.unibz.it\/index.php?rest_route=\/wp\/v2\/pages\/615\/revisions"}],"predecessor-version":[{"id":3733,"href":"https:\/\/pedarch.unibz.it\/index.php?rest_route=\/wp\/v2\/pages\/615\/revisions\/3733"}],"wp:attachment":[{"href":"https:\/\/pedarch.unibz.it\/index.php?rest_route=%2Fwp%2Fv2%2Fmedia&parent=615"}],"curies":[{"name":"wp","href":"https:\/\/api.w.org\/{rel}","templated":true}]}}